{"id":270,"date":"2011-01-15T14:52:19","date_gmt":"2011-01-15T13:52:19","guid":{"rendered":"http:\/\/www.kaiserland77.com\/blog\/?page_id=270"},"modified":"2016-09-08T19:28:46","modified_gmt":"2016-09-08T17:28:46","slug":"compra-venta","status":"publish","type":"page","link":"https:\/\/www.kaiserland77.com\/blog\/?page_id=270","title":{"rendered":"Compra\/Venta"},"content":{"rendered":"<p><img loading=\"lazy\" decoding=\"async\" class=\"aligncenter size-full wp-image-314\" title=\"Portada CV\" src=\"http:\/\/www.kaiserland77.com\/blog\/wp-content\/uploads\/2011\/01\/compraventa.jpg\" alt=\"Portada CV\" width=\"300\" height=\"198\" \/><\/p>\n<p>En esta secci\u00f3n podr\u00e1s los art\u00edculos que tengo a la venta. La mayor\u00eda de los art\u00edculos vienen de mi colecci\u00f3n personal o han sido comprados en packs.<\/p>\n<p>Las condiciones de compra son:<\/p>\n<ol>\n<li>Se podr\u00e1n ver fotos al final de la p\u00e1gina.<\/li>\n<li>Mi correo es: <span style=\"text-decoration: underline;\"><strong><a class=\"anti-aede-checked\" href=\"mailto:kaiser77@gmail.com\" target=\"_blank\">kaiser77@gmail.com<\/a><\/strong><\/span>.<\/li>\n<li>Los precios son negociables.<\/li>\n<li>Los precios incluyen gastos de env\u00edos, el env\u00edo ser\u00e1 certificado (1-4 d\u00edas laborables de entrega) y esta asegurado hasta un m\u00e1ximo de 30\u20ac. Se puede mandar por agencia de transporte o por otra forma si se pide.<\/li>\n<li>El env\u00edo se har\u00e1 al d\u00eda siguiente de que el pago sea efectivo. Cuando el art\u00edculo se env\u00ede, se enviar\u00e1 el c\u00f3digo de seguimiento por email para poder seguir el art\u00edculo.<\/li>\n<li>Se acepta como pago: Transferencia bancaria, ingreso bancario o Paypal.<\/li>\n<li>En caso de duda con alg\u00fan art\u00edculo, no dudes en preguntar.<\/li>\n<li>Si se quieren m\u00e1s fotos, pedirlas y se mandar\u00e1n.<\/li>\n<li>En ebay tengo m\u00e1s de 500 votos, adem\u00e1s tengo votos en <a class=\"anti-aede-checked\" href=\"http:\/\/www.vandal.net\/foro\/cgi-bin\/foro.cgi\" target=\"_blank\">Vandal<\/a>, <a class=\"anti-aede-checked\" style=\"background-color: #ffe9e9; background-image: linear-gradient(0deg, #ffe9e9, #ffe9e9); border-radius: 5px;\" href=\"http:\/\/zonaforo.meristation.com\/foros\/index.php?m=1\" target=\"_blank\">Meristation<\/a> y <a class=\"anti-aede-checked\" href=\"http:\/\/cv.elotrolado.net\/perfil.php?userid=41944\" target=\"_blank\">Elotrolado.net<\/a>\u00a0y se me conocen en otros foros.<\/li>\n<li>Acepto cambios, tu pregunta y ya te dir\u00e9.<\/li>\n<\/ol>\n<h3><span style=\"color: #339966;\"><strong>Vendo todo esto (seg\u00fan las fotos)<\/strong><\/span><\/h3>\n<p>Nada Disponible.<\/p>\n","protected":false},"excerpt":{"rendered":"<p>En esta secci\u00f3n podr\u00e1s los art\u00edculos que tengo a la venta. La mayor\u00eda de los art\u00edculos vienen de mi colecci\u00f3n personal o han sido comprados en packs. Las condiciones de compra son: Se podr\u00e1n ver fotos al final de la p\u00e1gina. Mi correo es: kaiser77@gmail.com. Los precios son negociables. Los precios incluyen gastos de env\u00edos, [&hellip;]<\/p>\n","protected":false},"author":1,"featured_media":0,"parent":0,"menu_order":3,"comment_status":"open","ping_status":"open","template":"","meta":{"footnotes":""},"class_list":["post-270","page","type-page","status-publish","hentry"],"_links":{"self":[{"href":"https:\/\/www.kaiserland77.com\/blog\/index.php?rest_route=\/wp\/v2\/pages\/270"}],"collection":[{"href":"https:\/\/www.kaiserland77.com\/blog\/index.php?rest_route=\/wp\/v2\/pages"}],"about":[{"href":"https:\/\/www.kaiserland77.com\/blog\/index.php?rest_route=\/wp\/v2\/types\/page"}],"author":[{"embeddable":true,"href":"https:\/\/www.kaiserland77.com\/blog\/index.php?rest_route=\/wp\/v2\/users\/1"}],"replies":[{"embeddable":true,"href":"https:\/\/www.kaiserland77.com\/blog\/index.php?rest_route=%2Fwp%2Fv2%2Fcomments&post=270"}],"version-history":[{"count":78,"href":"https:\/\/www.kaiserland77.com\/blog\/index.php?rest_route=\/wp\/v2\/pages\/270\/revisions"}],"predecessor-version":[{"id":4955,"href":"https:\/\/www.kaiserland77.com\/blog\/index.php?rest_route=\/wp\/v2\/pages\/270\/revisions\/4955"}],"wp:attachment":[{"href":"https:\/\/www.kaiserland77.com\/blog\/index.php?rest_route=%2Fwp%2Fv2%2Fmedia&parent=270"}],"curies":[{"name":"wp","href":"https:\/\/api.w.org\/{rel}","templated":true}]}}